{"id":1329,"date":"2022-11-10T11:37:00","date_gmt":"2022-11-10T11:37:00","guid":{"rendered":"http:\/\/www.kurumsalwebsitesi.xyz\/?page_id=1329"},"modified":"2022-12-29T10:01:46","modified_gmt":"2022-12-29T10:01:46","slug":"kurutma-firini","status":"publish","type":"page","link":"https:\/\/ozverfi.com.tr\/index.php\/kurutma-firini\/","title":{"rendered":"Kurutma F\u0131r\u0131n\u0131\u200b"},"content":{"rendered":"<div data-elementor-type=\"wp-page\" data-elementor-id=\"1329\" class=\"elementor elementor-1329\">\n\t\t\t\t\t\t<section class=\"elementor-section elementor-top-section elementor-element elementor-element-ddd9f14 elementor-section-boxed elementor-section-height-default elementor-section-height-default\" data-id=\"ddd9f14\" data-element_type=\"section\">\n\t\t\t\t\t\t<div class=\"elementor-container elementor-column-gap-default\">\n\t\t\t\t\t<div class=\"elementor-column elementor-col-100 elementor-top-column elementor-element elementor-element-2c67b67\" data-id=\"2c67b67\" data-element_type=\"column\">\n\t\t\t<div class=\"elementor-widget-wrap elementor-element-populated\">\n\t\t\t\t\t\t<div class=\"elementor-element elementor-element-921dbac elementor-widget elementor-widget-slides\" data-id=\"921dbac\" data-element_type=\"widget\" data-widget_type=\"slides.default\">\n\t\t\t\t<div class=\"elementor-widget-container\">\n\t\t\t\t\t \t\t\t\t<\/div>\n\t\t\t\t<\/div>\n\t\t\t\t\t<\/div>\n\t\t<\/div>\n\t\t\t\t\t<\/div>\n\t\t<\/section>\n\t\t\t\t<section class=\"elementor-section elementor-top-section elementor-element elementor-element-8816d4a elementor-section-boxed elementor-section-height-default elementor-section-height-default\" data-id=\"8816d4a\" data-element_type=\"section\">\n\t\t\t\t\t\t<div class=\"elementor-container elementor-column-gap-default\">\n\t\t\t\t\t<div class=\"elementor-column elementor-col-100 elementor-top-column elementor-element elementor-element-312b858\" data-id=\"312b858\" data-element_type=\"column\">\n\t\t\t<div class=\"elementor-widget-wrap elementor-element-populated\">\n\t\t\t\t\t\t<div class=\"elementor-element elementor-element-cd5341f elementor-widget elementor-widget-heading\" data-id=\"cd5341f\" data-element_type=\"widget\" data-widget_type=\"heading.default\">\n\t\t\t\t<div class=\"elementor-widget-container\">\n\t\t\t\t\t<h2 class=\"elementor-heading-title elementor-size-default\">Kurutma F\u0131r\u0131n\u0131<\/h2>\t\t\t\t<\/div>\n\t\t\t\t<\/div>\n\t\t\t\t\t<\/div>\n\t\t<\/div>\n\t\t\t\t\t<\/div>\n\t\t<\/section>\n\t\t\t\t<section class=\"elementor-section elementor-top-section elementor-element elementor-element-6f159e9 elementor-section-boxed elementor-section-height-default elementor-section-height-default\" data-id=\"6f159e9\" data-element_type=\"section\">\n\t\t\t\t\t\t<div class=\"elementor-container elementor-column-gap-default\">\n\t\t\t\t\t<div class=\"elementor-column elementor-col-100 elementor-top-column elementor-element elementor-element-4c5a272\" data-id=\"4c5a272\" data-element_type=\"column\">\n\t\t\t<div class=\"elementor-widget-wrap elementor-element-populated\">\n\t\t\t\t\t\t<div class=\"elementor-element elementor-element-69ff1f6 elementor-widget elementor-widget-text-editor\" data-id=\"69ff1f6\" data-element_type=\"widget\" data-widget_type=\"text-editor.default\">\n\t\t\t\t<div class=\"elementor-widget-container\">\n\t\t\t\t\t\t\t\t\t<p>Kurutma f\u0131r\u0131nlar\u0131, malzemelerin kurutulma s\u00fcre\u00e7lerinde g\u00f6rev alan \u00fcr\u00fcnlerdir. Bu uygulama ile \u0131s\u0131tma, kurutma ve i\u015fleme gibi bir\u00e7ok fonksiyon ger\u00e7ekle\u015ftirilir.<\/p>\t\t\t\t\t\t\t\t<\/div>\n\t\t\t\t<\/div>\n\t\t\t\t<div class=\"elementor-element elementor-element-f347cda elementor-widget elementor-widget-gallery\" data-id=\"f347cda\" data-element_type=\"widget\" data-widget_type=\"gallery.default\">\n\t\t\t\t<div class=\"elementor-widget-container\">\n\t\t\t\t\t \t\t\t\t<\/div>\n\t\t\t\t<\/div>\n\t\t\t\t\t<\/div>\n\t\t<\/div>\n\t\t\t\t\t<\/div>\n\t\t<\/section>\n\t\t\t\t<\/div>","protected":false},"excerpt":{"rendered":"<p>Previous Next Kurutma F\u0131r\u0131n\u0131 Kurutma f\u0131r\u0131nlar\u0131, malzemelerin kurutulma s\u00fcre\u00e7lerinde g\u00f6rev alan \u00fcr\u00fcnlerdir. Bu uygulama ile \u0131s\u0131tma, kurutma ve i\u015fleme gibi bir\u00e7ok fonksiyon ger\u00e7ekle\u015ftirilir. \u22b8 Kurutma F\u0131r\u0131n\u0131<\/p>","protected":false},"author":1,"featured_media":0,"parent":0,"menu_order":0,"comment_status":"closed","ping_status":"closed","template":"page-templates\/pages-image.php","meta":{"_joinchat":[],"footnotes":""},"class_list":["post-1329","page","type-page","status-publish","hentry"],"_links":{"self":[{"href":"https:\/\/ozverfi.com.tr\/index.php\/wp-json\/wp\/v2\/pages\/1329","targetHints":{"allow":["GET"]}}],"collection":[{"href":"https:\/\/ozverfi.com.tr\/index.php\/wp-json\/wp\/v2\/pages"}],"about":[{"href":"https:\/\/ozverfi.com.tr\/index.php\/wp-json\/wp\/v2\/types\/page"}],"author":[{"embeddable":true,"href":"https:\/\/ozverfi.com.tr\/index.php\/wp-json\/wp\/v2\/users\/1"}],"replies":[{"embeddable":true,"href":"https:\/\/ozverfi.com.tr\/index.php\/wp-json\/wp\/v2\/comments?post=1329"}],"version-history":[{"count":14,"href":"https:\/\/ozverfi.com.tr\/index.php\/wp-json\/wp\/v2\/pages\/1329\/revisions"}],"predecessor-version":[{"id":3044,"href":"https:\/\/ozverfi.com.tr\/index.php\/wp-json\/wp\/v2\/pages\/1329\/revisions\/3044"}],"wp:attachment":[{"href":"https:\/\/ozverfi.com.tr\/index.php\/wp-json\/wp\/v2\/media?parent=1329"}],"curies":[{"name":"wp","href":"https:\/\/api.w.org\/{rel}","templated":true}]}}