{"id":1347,"date":"2022-11-10T11:45:54","date_gmt":"2022-11-10T11:45:54","guid":{"rendered":"http:\/\/www.kurumsalwebsitesi.xyz\/?page_id=1347"},"modified":"2022-11-14T15:29:20","modified_gmt":"2022-11-14T15:29:20","slug":"helezonlar","status":"publish","type":"page","link":"https:\/\/ozverfi.com.tr\/index.php\/helezonlar\/","title":{"rendered":"Helezonlar\u200b"},"content":{"rendered":"<div data-elementor-type=\"wp-page\" data-elementor-id=\"1347\" class=\"elementor elementor-1347\">\n\t\t\t\t\t\t<section class=\"elementor-section elementor-top-section elementor-element elementor-element-5d46944 elementor-section-boxed elementor-section-height-default elementor-section-height-default\" data-id=\"5d46944\" data-element_type=\"section\">\n\t\t\t\t\t\t<div class=\"elementor-container elementor-column-gap-default\">\n\t\t\t\t\t<div class=\"elementor-column elementor-col-100 elementor-top-column elementor-element elementor-element-d7ad34b\" data-id=\"d7ad34b\" data-element_type=\"column\">\n\t\t\t<div class=\"elementor-widget-wrap elementor-element-populated\">\n\t\t\t\t\t\t<div class=\"elementor-element elementor-element-814abe1 elementor-widget elementor-widget-slides\" data-id=\"814abe1\" data-element_type=\"widget\" data-widget_type=\"slides.default\">\n\t\t\t\t<div class=\"elementor-widget-container\">\n\t\t\t\t\t \t\t\t\t<\/div>\n\t\t\t\t<\/div>\n\t\t\t\t\t<\/div>\n\t\t<\/div>\n\t\t\t\t\t<\/div>\n\t\t<\/section>\n\t\t\t\t<section class=\"elementor-section elementor-top-section elementor-element elementor-element-d82dd16 elementor-section-boxed elementor-section-height-default elementor-section-height-default\" data-id=\"d82dd16\" data-element_type=\"section\">\n\t\t\t\t\t\t<div class=\"elementor-container elementor-column-gap-default\">\n\t\t\t\t\t<div class=\"elementor-column elementor-col-100 elementor-top-column elementor-element elementor-element-84d1ce8\" data-id=\"84d1ce8\" data-element_type=\"column\">\n\t\t\t<div class=\"elementor-widget-wrap elementor-element-populated\">\n\t\t\t\t\t\t<div class=\"elementor-element elementor-element-bded29c elementor-widget elementor-widget-heading\" data-id=\"bded29c\" data-element_type=\"widget\" data-widget_type=\"heading.default\">\n\t\t\t\t<div class=\"elementor-widget-container\">\n\t\t\t\t\t<h2 class=\"elementor-heading-title elementor-size-default\">Helezonlar\u200b<\/h2>\t\t\t\t<\/div>\n\t\t\t\t<\/div>\n\t\t\t\t\t<\/div>\n\t\t<\/div>\n\t\t\t\t\t<\/div>\n\t\t<\/section>\n\t\t\t\t<section class=\"elementor-section elementor-top-section elementor-element elementor-element-fd7465f elementor-section-boxed elementor-section-height-default elementor-section-height-default\" data-id=\"fd7465f\" data-element_type=\"section\">\n\t\t\t\t\t\t<div class=\"elementor-container elementor-column-gap-default\">\n\t\t\t\t\t<div class=\"elementor-column elementor-col-100 elementor-top-column elementor-element elementor-element-9db28fc\" data-id=\"9db28fc\" data-element_type=\"column\">\n\t\t\t<div class=\"elementor-widget-wrap elementor-element-populated\">\n\t\t\t\t\t\t<div class=\"elementor-element elementor-element-b792c5b elementor-widget elementor-widget-text-editor\" data-id=\"b792c5b\" data-element_type=\"widget\" data-widget_type=\"text-editor.default\">\n\t\t\t\t<div class=\"elementor-widget-container\">\n\t\t\t\t\t\t\t\t\t<p>\u00c7e\u015fitli t\u00fcrden malzemelerin uygun bir mekanizma \u00fczerinde etkin bir i\u015flevsellikle farkl\u0131 noktalara ta\u015f\u0131nmas\u0131na yard\u0131mc\u0131 olurlar. Genel olarak helezon \u00fcr\u00fcnlerinin temel g\u00f6revi birtak\u0131m a\u011f\u0131r ve yo\u011funlu\u011fu fazla malzemelerin g\u00fcvenli \u015fekilde ba\u015fka yere transferini sa\u011flamakt\u0131r.<\/p>\t\t\t\t\t\t\t\t<\/div>\n\t\t\t\t<\/div>\n\t\t\t\t<div class=\"elementor-element elementor-element-f42edb2 elementor-widget elementor-widget-gallery\" data-id=\"f42edb2\" data-element_type=\"widget\" data-widget_type=\"gallery.default\">\n\t\t\t\t<div class=\"elementor-widget-container\">\n\t\t\t\t\t \t\t\t\t<\/div>\n\t\t\t\t<\/div>\n\t\t\t\t\t<\/div>\n\t\t<\/div>\n\t\t\t\t\t<\/div>\n\t\t<\/section>\n\t\t\t\t<\/div>","protected":false},"excerpt":{"rendered":"<p>Previous Next Helezonlar\u200b \u00c7e\u015fitli t\u00fcrden malzemelerin uygun bir mekanizma \u00fczerinde etkin bir i\u015flevsellikle farkl\u0131 noktalara ta\u015f\u0131nmas\u0131na yard\u0131mc\u0131 olurlar. Genel olarak helezon \u00fcr\u00fcnlerinin temel g\u00f6revi birtak\u0131m a\u011f\u0131r ve yo\u011funlu\u011fu fazla malzemelerin g\u00fcvenli \u015fekilde ba\u015fka yere transferini sa\u011flamakt\u0131r. \u22b8 Helezonlar\u200b<\/p>","protected":false},"author":1,"featured_media":0,"parent":0,"menu_order":0,"comment_status":"closed","ping_status":"closed","template":"page-templates\/pages-image.php","meta":{"_joinchat":[],"footnotes":""},"class_list":["post-1347","page","type-page","status-publish","hentry"],"_links":{"self":[{"href":"https:\/\/ozverfi.com.tr\/index.php\/wp-json\/wp\/v2\/pages\/1347","targetHints":{"allow":["GET"]}}],"collection":[{"href":"https:\/\/ozverfi.com.tr\/index.php\/wp-json\/wp\/v2\/pages"}],"about":[{"href":"https:\/\/ozverfi.com.tr\/index.php\/wp-json\/wp\/v2\/types\/page"}],"author":[{"embeddable":true,"href":"https:\/\/ozverfi.com.tr\/index.php\/wp-json\/wp\/v2\/users\/1"}],"replies":[{"embeddable":true,"href":"https:\/\/ozverfi.com.tr\/index.php\/wp-json\/wp\/v2\/comments?post=1347"}],"version-history":[{"count":2,"href":"https:\/\/ozverfi.com.tr\/index.php\/wp-json\/wp\/v2\/pages\/1347\/revisions"}],"predecessor-version":[{"id":2147,"href":"https:\/\/ozverfi.com.tr\/index.php\/wp-json\/wp\/v2\/pages\/1347\/revisions\/2147"}],"wp:attachment":[{"href":"https:\/\/ozverfi.com.tr\/index.php\/wp-json\/wp\/v2\/media?parent=1347"}],"curies":[{"name":"wp","href":"https:\/\/api.w.org\/{rel}","templated":true}]}}