{"id":1412,"date":"2022-11-10T12:22:45","date_gmt":"2022-11-10T12:22:45","guid":{"rendered":"http:\/\/www.kurumsalwebsitesi.xyz\/?page_id=1412"},"modified":"2022-12-29T10:02:37","modified_gmt":"2022-12-29T10:02:37","slug":"kirec-sondurme-kazanlari","status":"publish","type":"page","link":"https:\/\/ozverfi.com.tr\/index.php\/kirec-sondurme-kazanlari\/","title":{"rendered":"Kire\u00e7 S\u00f6nd\u00fcrme Kazanlar\u0131\u200b"},"content":{"rendered":"<div data-elementor-type=\"wp-page\" data-elementor-id=\"1412\" class=\"elementor elementor-1412\">\n\t\t\t\t\t\t<section class=\"elementor-section elementor-top-section elementor-element elementor-element-79a05f1 elementor-section-boxed elementor-section-height-default elementor-section-height-default\" data-id=\"79a05f1\" data-element_type=\"section\">\n\t\t\t\t\t\t<div class=\"elementor-container elementor-column-gap-default\">\n\t\t\t\t\t<div class=\"elementor-column elementor-col-100 elementor-top-column elementor-element elementor-element-a96850b\" data-id=\"a96850b\" data-element_type=\"column\">\n\t\t\t<div class=\"elementor-widget-wrap elementor-element-populated\">\n\t\t\t\t\t\t<div class=\"elementor-element elementor-element-7a767f5 elementor-widget elementor-widget-slides\" data-id=\"7a767f5\" data-element_type=\"widget\" data-widget_type=\"slides.default\">\n\t\t\t\t<div class=\"elementor-widget-container\">\n\t\t\t\t\t \t\t\t\t<\/div>\n\t\t\t\t<\/div>\n\t\t\t\t<div class=\"elementor-element elementor-element-9a583bd elementor-widget elementor-widget-heading\" data-id=\"9a583bd\" data-element_type=\"widget\" data-widget_type=\"heading.default\">\n\t\t\t\t<div class=\"elementor-widget-container\">\n\t\t\t\t\t<h2 class=\"elementor-heading-title elementor-size-default\">Kire\u00e7 S\u00f6nd\u00fcrme Kazanlar\u0131<\/h2>\t\t\t\t<\/div>\n\t\t\t\t<\/div>\n\t\t\t\t<div class=\"elementor-element elementor-element-caa6aca elementor-widget elementor-widget-text-editor\" data-id=\"caa6aca\" data-element_type=\"widget\" data-widget_type=\"text-editor.default\">\n\t\t\t\t<div class=\"elementor-widget-container\">\n\t\t\t\t\t\t\t\t\t<p>Tesisin kurulaca\u011f\u0131 yerin ebatlar\u0131na g\u00f6re yer bunkerli, elevat\u00f6rl\u00fc, ya da konvey\u00f6r bantl\u0131 olarak imalat yap\u0131l\u0131r.<\/p>\t\t\t\t\t\t\t\t<\/div>\n\t\t\t\t<\/div>\n\t\t\t\t\t<\/div>\n\t\t<\/div>\n\t\t\t\t\t<\/div>\n\t\t<\/section>\n\t\t\t\t<section class=\"elementor-section elementor-top-section elementor-element elementor-element-139bf2d elementor-section-boxed elementor-section-height-default elementor-section-height-default\" data-id=\"139bf2d\" data-element_type=\"section\">\n\t\t\t\t\t\t<div class=\"elementor-container elementor-column-gap-default\">\n\t\t\t\t\t<div class=\"elementor-column elementor-col-100 elementor-top-column elementor-element elementor-element-4fc9203\" data-id=\"4fc9203\" data-element_type=\"column\">\n\t\t\t<div class=\"elementor-widget-wrap elementor-element-populated\">\n\t\t\t\t\t\t<div class=\"elementor-element elementor-element-7a19264 elementor-widget elementor-widget-gallery\" data-id=\"7a19264\" data-element_type=\"widget\" data-widget_type=\"gallery.default\">\n\t\t\t\t<div class=\"elementor-widget-container\">\n\t\t\t\t\t \t\t\t\t<\/div>\n\t\t\t\t<\/div>\n\t\t\t\t\t<\/div>\n\t\t<\/div>\n\t\t\t\t\t<\/div>\n\t\t<\/section>\n\t\t\t\t<\/div>","protected":false},"excerpt":{"rendered":"<p>Previous Next Kire\u00e7 S\u00f6nd\u00fcrme Kazanlar\u0131 Tesisin kurulaca\u011f\u0131 yerin ebatlar\u0131na g\u00f6re yer bunkerli, elevat\u00f6rl\u00fc, ya da konvey\u00f6r bantl\u0131 olarak imalat yap\u0131l\u0131r. \u22b8 Kire\u00e7 S\u00f6nd\u00fcrme Kazanlar\u0131<\/p>","protected":false},"author":1,"featured_media":0,"parent":0,"menu_order":0,"comment_status":"closed","ping_status":"closed","template":"page-templates\/pages-image.php","meta":{"_joinchat":[],"footnotes":""},"class_list":["post-1412","page","type-page","status-publish","hentry"],"_links":{"self":[{"href":"https:\/\/ozverfi.com.tr\/index.php\/wp-json\/wp\/v2\/pages\/1412","targetHints":{"allow":["GET"]}}],"collection":[{"href":"https:\/\/ozverfi.com.tr\/index.php\/wp-json\/wp\/v2\/pages"}],"about":[{"href":"https:\/\/ozverfi.com.tr\/index.php\/wp-json\/wp\/v2\/types\/page"}],"author":[{"embeddable":true,"href":"https:\/\/ozverfi.com.tr\/index.php\/wp-json\/wp\/v2\/users\/1"}],"replies":[{"embeddable":true,"href":"https:\/\/ozverfi.com.tr\/index.php\/wp-json\/wp\/v2\/comments?post=1412"}],"version-history":[{"count":4,"href":"https:\/\/ozverfi.com.tr\/index.php\/wp-json\/wp\/v2\/pages\/1412\/revisions"}],"predecessor-version":[{"id":3050,"href":"https:\/\/ozverfi.com.tr\/index.php\/wp-json\/wp\/v2\/pages\/1412\/revisions\/3050"}],"wp:attachment":[{"href":"https:\/\/ozverfi.com.tr\/index.php\/wp-json\/wp\/v2\/media?parent=1412"}],"curies":[{"name":"wp","href":"https:\/\/api.w.org\/{rel}","templated":true}]}}