{"id":1416,"date":"2022-11-10T12:24:40","date_gmt":"2022-11-10T12:24:40","guid":{"rendered":"http:\/\/www.kurumsalwebsitesi.xyz\/?page_id=1416"},"modified":"2022-12-29T10:07:07","modified_gmt":"2022-12-29T10:07:07","slug":"elevatorler","status":"publish","type":"page","link":"https:\/\/ozverfi.com.tr\/index.php\/elevatorler\/","title":{"rendered":"Elevat\u00f6rler\u200b"},"content":{"rendered":"<div data-elementor-type=\"wp-page\" data-elementor-id=\"1416\" class=\"elementor elementor-1416\">\n\t\t\t\t\t\t<section class=\"elementor-section elementor-top-section elementor-element elementor-element-82b8589 elementor-section-boxed elementor-section-height-default elementor-section-height-default\" data-id=\"82b8589\" data-element_type=\"section\">\n\t\t\t\t\t\t<div class=\"elementor-container elementor-column-gap-default\">\n\t\t\t\t\t<div class=\"elementor-column elementor-col-100 elementor-top-column elementor-element elementor-element-64e5abc\" data-id=\"64e5abc\" data-element_type=\"column\">\n\t\t\t<div class=\"elementor-widget-wrap elementor-element-populated\">\n\t\t\t\t\t\t<div class=\"elementor-element elementor-element-428ab94 elementor-widget elementor-widget-slides\" data-id=\"428ab94\" data-element_type=\"widget\" data-widget_type=\"slides.default\">\n\t\t\t\t<div class=\"elementor-widget-container\">\n\t\t\t\t\t \t\t\t\t<\/div>\n\t\t\t\t<\/div>\n\t\t\t\t\t<\/div>\n\t\t<\/div>\n\t\t\t\t\t<\/div>\n\t\t<\/section>\n\t\t\t\t<section class=\"elementor-section elementor-top-section elementor-element elementor-element-6cea58a elementor-section-boxed elementor-section-height-default elementor-section-height-default\" data-id=\"6cea58a\" data-element_type=\"section\">\n\t\t\t\t\t\t<div class=\"elementor-container elementor-column-gap-default\">\n\t\t\t\t\t<div class=\"elementor-column elementor-col-100 elementor-top-column elementor-element elementor-element-eb13a28\" data-id=\"eb13a28\" data-element_type=\"column\">\n\t\t\t<div class=\"elementor-widget-wrap elementor-element-populated\">\n\t\t\t\t\t\t<div class=\"elementor-element elementor-element-dcb8fcb elementor-widget elementor-widget-heading\" data-id=\"dcb8fcb\" data-element_type=\"widget\" data-widget_type=\"heading.default\">\n\t\t\t\t<div class=\"elementor-widget-container\">\n\t\t\t\t\t<h2 class=\"elementor-heading-title elementor-size-default\">Elevat\u00f6rler\u200b<\/h2>\t\t\t\t<\/div>\n\t\t\t\t<\/div>\n\t\t\t\t\t<\/div>\n\t\t<\/div>\n\t\t\t\t\t<\/div>\n\t\t<\/section>\n\t\t\t\t<section class=\"elementor-section elementor-top-section elementor-element elementor-element-c4f17bf elementor-section-boxed elementor-section-height-default elementor-section-height-default\" data-id=\"c4f17bf\" data-element_type=\"section\">\n\t\t\t\t\t\t<div class=\"elementor-container elementor-column-gap-default\">\n\t\t\t\t\t<div class=\"elementor-column elementor-col-100 elementor-top-column elementor-element elementor-element-14dd93e\" data-id=\"14dd93e\" data-element_type=\"column\">\n\t\t\t<div class=\"elementor-widget-wrap elementor-element-populated\">\n\t\t\t\t\t\t<div class=\"elementor-element elementor-element-298a308 elementor-widget elementor-widget-text-editor\" data-id=\"298a308\" data-element_type=\"widget\" data-widget_type=\"text-editor.default\">\n\t\t\t\t<div class=\"elementor-widget-container\">\n\t\t\t\t\t\t\t\t\t<p style=\"text-align: left;\">Y\u00fckselticiler (elevat\u00f6rler), d\u00f6kme ve birim y\u00fckleri d\u00fc\u015fey veya dik e\u011fimli (yataydan 70\u00b0 den fazla) do\u011frultuda y\u00fckseltmek amac\u0131yla kullan\u0131l\u0131rlar. Y\u00fckseltilecek malzemenin yap\u0131s\u0131, y\u00fcksel- ticinin tasar\u0131m\u0131nda \u00f6nemli bir rol oynar.<\/p>\t\t\t\t\t\t\t\t<\/div>\n\t\t\t\t<\/div>\n\t\t\t\t<div class=\"elementor-element elementor-element-64411f6 elementor-widget elementor-widget-gallery\" data-id=\"64411f6\" data-element_type=\"widget\" data-widget_type=\"gallery.default\">\n\t\t\t\t<div class=\"elementor-widget-container\">\n\t\t\t\t\t \t\t\t\t<\/div>\n\t\t\t\t<\/div>\n\t\t\t\t\t<\/div>\n\t\t<\/div>\n\t\t\t\t\t<\/div>\n\t\t<\/section>\n\t\t\t\t<\/div>","protected":false},"excerpt":{"rendered":"<p>Previous Next Elevat\u00f6rler\u200b Y\u00fckselticiler (elevat\u00f6rler), d\u00f6kme ve birim y\u00fckleri d\u00fc\u015fey veya dik e\u011fimli (yataydan 70\u00b0 den fazla) do\u011frultuda y\u00fckseltmek amac\u0131yla kullan\u0131l\u0131rlar. Y\u00fckseltilecek malzemenin yap\u0131s\u0131, y\u00fcksel- ticinin tasar\u0131m\u0131nda \u00f6nemli bir rol oynar. \u22b8 Elevat\u00f6rler\u200b<\/p>","protected":false},"author":1,"featured_media":0,"parent":0,"menu_order":0,"comment_status":"closed","ping_status":"closed","template":"page-templates\/pages-image.php","meta":{"_joinchat":[],"footnotes":""},"class_list":["post-1416","page","type-page","status-publish","hentry"],"_links":{"self":[{"href":"https:\/\/ozverfi.com.tr\/index.php\/wp-json\/wp\/v2\/pages\/1416","targetHints":{"allow":["GET"]}}],"collection":[{"href":"https:\/\/ozverfi.com.tr\/index.php\/wp-json\/wp\/v2\/pages"}],"about":[{"href":"https:\/\/ozverfi.com.tr\/index.php\/wp-json\/wp\/v2\/types\/page"}],"author":[{"embeddable":true,"href":"https:\/\/ozverfi.com.tr\/index.php\/wp-json\/wp\/v2\/users\/1"}],"replies":[{"embeddable":true,"href":"https:\/\/ozverfi.com.tr\/index.php\/wp-json\/wp\/v2\/comments?post=1416"}],"version-history":[{"count":7,"href":"https:\/\/ozverfi.com.tr\/index.php\/wp-json\/wp\/v2\/pages\/1416\/revisions"}],"predecessor-version":[{"id":3071,"href":"https:\/\/ozverfi.com.tr\/index.php\/wp-json\/wp\/v2\/pages\/1416\/revisions\/3071"}],"wp:attachment":[{"href":"https:\/\/ozverfi.com.tr\/index.php\/wp-json\/wp\/v2\/media?parent=1416"}],"curies":[{"name":"wp","href":"https:\/\/api.w.org\/{rel}","templated":true}]}}