{"id":1417,"date":"2022-11-10T12:24:43","date_gmt":"2022-11-10T12:24:43","guid":{"rendered":"http:\/\/www.kurumsalwebsitesi.xyz\/?page_id=1417"},"modified":"2022-11-14T15:13:58","modified_gmt":"2022-11-14T15:13:58","slug":"cimento-fabrikalari-imalatlari","status":"publish","type":"page","link":"https:\/\/ozverfi.com.tr\/index.php\/cimento-fabrikalari-imalatlari\/","title":{"rendered":"\u00c7imento Fabrikalar\u0131 \u0130malatlar\u0131\u200b"},"content":{"rendered":"<div data-elementor-type=\"wp-page\" data-elementor-id=\"1417\" class=\"elementor elementor-1417\">\n\t\t\t\t\t\t<section class=\"elementor-section elementor-top-section elementor-element elementor-element-7f81199 elementor-section-boxed elementor-section-height-default elementor-section-height-default\" data-id=\"7f81199\" data-element_type=\"section\">\n\t\t\t\t\t\t<div class=\"elementor-container elementor-column-gap-default\">\n\t\t\t\t\t<div class=\"elementor-column elementor-col-100 elementor-top-column elementor-element elementor-element-29f4584\" data-id=\"29f4584\" data-element_type=\"column\">\n\t\t\t<div class=\"elementor-widget-wrap elementor-element-populated\">\n\t\t\t\t\t\t<div class=\"elementor-element elementor-element-e4efd16 elementor-widget elementor-widget-slides\" data-id=\"e4efd16\" data-element_type=\"widget\" data-widget_type=\"slides.default\">\n\t\t\t\t<div class=\"elementor-widget-container\">\n\t\t\t\t\t \t\t\t\t<\/div>\n\t\t\t\t<\/div>\n\t\t\t\t\t<\/div>\n\t\t<\/div>\n\t\t\t\t\t<\/div>\n\t\t<\/section>\n\t\t\t\t<section class=\"elementor-section elementor-top-section elementor-element elementor-element-884636a elementor-section-boxed elementor-section-height-default elementor-section-height-default\" data-id=\"884636a\" data-element_type=\"section\">\n\t\t\t\t\t\t<div class=\"elementor-container elementor-column-gap-default\">\n\t\t\t\t\t<div class=\"elementor-column elementor-col-100 elementor-top-column elementor-element elementor-element-485a1a1\" data-id=\"485a1a1\" data-element_type=\"column\">\n\t\t\t<div class=\"elementor-widget-wrap elementor-element-populated\">\n\t\t\t\t\t\t<div class=\"elementor-element elementor-element-c3bbda0 elementor-widget elementor-widget-heading\" data-id=\"c3bbda0\" data-element_type=\"widget\" data-widget_type=\"heading.default\">\n\t\t\t\t<div class=\"elementor-widget-container\">\n\t\t\t\t\t<h2 class=\"elementor-heading-title elementor-size-default\">\u00c7imento Fabrikalar\u0131 \u0130malatlar\u0131\u200b<\/h2>\t\t\t\t<\/div>\n\t\t\t\t<\/div>\n\t\t\t\t\t<\/div>\n\t\t<\/div>\n\t\t\t\t\t<\/div>\n\t\t<\/section>\n\t\t\t\t<section class=\"elementor-section elementor-top-section elementor-element elementor-element-4156bee elementor-section-boxed elementor-section-height-default elementor-section-height-default\" data-id=\"4156bee\" data-element_type=\"section\">\n\t\t\t\t\t\t<div class=\"elementor-container elementor-column-gap-default\">\n\t\t\t\t\t<div class=\"elementor-column elementor-col-100 elementor-top-column elementor-element elementor-element-39564f5\" data-id=\"39564f5\" data-element_type=\"column\">\n\t\t\t<div class=\"elementor-widget-wrap elementor-element-populated\">\n\t\t\t\t\t\t<div class=\"elementor-element elementor-element-9d1465c elementor-widget elementor-widget-gallery\" data-id=\"9d1465c\" data-element_type=\"widget\" data-widget_type=\"gallery.default\">\n\t\t\t\t<div class=\"elementor-widget-container\">\n\t\t\t\t\t \t\t\t\t<\/div>\n\t\t\t\t<\/div>\n\t\t\t\t\t<\/div>\n\t\t<\/div>\n\t\t\t\t\t<\/div>\n\t\t<\/section>\n\t\t\t\t<\/div>","protected":false},"excerpt":{"rendered":"<p>Previous Next \u00c7imento Fabrikalar\u0131 \u0130malatlar\u0131\u200b \u22b8 \u00c7imento Fabrikalar\u0131 \u0130malatlar\u0131\u200b<\/p>","protected":false},"author":1,"featured_media":0,"parent":0,"menu_order":0,"comment_status":"closed","ping_status":"closed","template":"page-templates\/pages-image.php","meta":{"_joinchat":[],"footnotes":""},"class_list":["post-1417","page","type-page","status-publish","hentry"],"_links":{"self":[{"href":"https:\/\/ozverfi.com.tr\/index.php\/wp-json\/wp\/v2\/pages\/1417","targetHints":{"allow":["GET"]}}],"collection":[{"href":"https:\/\/ozverfi.com.tr\/index.php\/wp-json\/wp\/v2\/pages"}],"about":[{"href":"https:\/\/ozverfi.com.tr\/index.php\/wp-json\/wp\/v2\/types\/page"}],"author":[{"embeddable":true,"href":"https:\/\/ozverfi.com.tr\/index.php\/wp-json\/wp\/v2\/users\/1"}],"replies":[{"embeddable":true,"href":"https:\/\/ozverfi.com.tr\/index.php\/wp-json\/wp\/v2\/comments?post=1417"}],"version-history":[{"count":1,"href":"https:\/\/ozverfi.com.tr\/index.php\/wp-json\/wp\/v2\/pages\/1417\/revisions"}],"predecessor-version":[{"id":2112,"href":"https:\/\/ozverfi.com.tr\/index.php\/wp-json\/wp\/v2\/pages\/1417\/revisions\/2112"}],"wp:attachment":[{"href":"https:\/\/ozverfi.com.tr\/index.php\/wp-json\/wp\/v2\/media?parent=1417"}],"curies":[{"name":"wp","href":"https:\/\/api.w.org\/{rel}","templated":true}]}}