{"id":2897,"date":"2022-12-20T13:23:58","date_gmt":"2022-12-20T13:23:58","guid":{"rendered":"http:\/\/ozverfi.com.tr\/?page_id=2897"},"modified":"2023-05-11T12:20:06","modified_gmt":"2023-05-11T12:20:06","slug":"dik-rotovator","status":"publish","type":"page","link":"https:\/\/ozverfi.com.tr\/index.php\/dik-rotovator\/","title":{"rendered":"Dik Rotovator"},"content":{"rendered":"<div data-elementor-type=\"wp-page\" data-elementor-id=\"2897\" class=\"elementor elementor-2897\">\n\t\t\t\t\t\t<section class=\"elementor-section elementor-top-section elementor-element elementor-element-9571759 elementor-section-boxed elementor-section-height-default elementor-section-height-default\" data-id=\"9571759\" data-element_type=\"section\">\n\t\t\t\t\t\t<div class=\"elementor-container elementor-column-gap-default\">\n\t\t\t\t\t<div class=\"elementor-column elementor-col-100 elementor-top-column elementor-element elementor-element-1f5b95f\" data-id=\"1f5b95f\" data-element_type=\"column\">\n\t\t\t<div class=\"elementor-widget-wrap elementor-element-populated\">\n\t\t\t\t\t\t<div class=\"elementor-element elementor-element-42e4f79 elementor-widget elementor-widget-slides\" data-id=\"42e4f79\" data-element_type=\"widget\" data-widget_type=\"slides.default\">\n\t\t\t\t<div class=\"elementor-widget-container\">\n\t\t\t\t\t \t\t\t\t<\/div>\n\t\t\t\t<\/div>\n\t\t\t\t\t<\/div>\n\t\t<\/div>\n\t\t\t\t\t<\/div>\n\t\t<\/section>\n\t\t\t\t<section class=\"elementor-section elementor-top-section elementor-element elementor-element-1048e4c elementor-section-boxed elementor-section-height-default elementor-section-height-default\" data-id=\"1048e4c\" data-element_type=\"section\">\n\t\t\t\t\t\t<div class=\"elementor-container elementor-column-gap-default\">\n\t\t\t\t\t<div class=\"elementor-column elementor-col-100 elementor-top-column elementor-element elementor-element-42532cc\" data-id=\"42532cc\" data-element_type=\"column\">\n\t\t\t<div class=\"elementor-widget-wrap elementor-element-populated\">\n\t\t\t\t\t\t<div class=\"elementor-element elementor-element-9690f18 elementor-widget elementor-widget-heading\" data-id=\"9690f18\" data-element_type=\"widget\" data-widget_type=\"heading.default\">\n\t\t\t\t<div class=\"elementor-widget-container\">\n\t\t\t\t\t<h2 class=\"elementor-heading-title elementor-size-default\">Dik \u0130\u015flem Merkezi<\/h2>\t\t\t\t<\/div>\n\t\t\t\t<\/div>\n\t\t\t\t\t<\/div>\n\t\t<\/div>\n\t\t\t\t\t<\/div>\n\t\t<\/section>\n\t\t\t\t<section class=\"elementor-section elementor-top-section elementor-element elementor-element-47218b0 elementor-section-boxed elementor-section-height-default elementor-section-height-default\" data-id=\"47218b0\" data-element_type=\"section\">\n\t\t\t\t\t\t<div class=\"elementor-container elementor-column-gap-default\">\n\t\t\t\t\t<div class=\"elementor-column elementor-col-100 elementor-top-column elementor-element elementor-element-de80af9\" data-id=\"de80af9\" data-element_type=\"column\">\n\t\t\t<div class=\"elementor-widget-wrap elementor-element-populated\">\n\t\t\t\t\t\t<div class=\"elementor-element elementor-element-da80968 elementor-widget elementor-widget-text-editor\" data-id=\"da80968\" data-element_type=\"widget\" data-widget_type=\"text-editor.default\">\n\t\t\t\t<div class=\"elementor-widget-container\">\n\t\t\t\t\t\t\t\t\t<p>\u0130\u015fleme merkezinin besleme ekseni X, Y ve Z koordinatlar\u0131 ile kontrol edilir, ana mil bir servo motor taraf\u0131ndan tahrik edilir. Birden fazla \u00e7e\u015fit ve k\u00fc\u00e7\u00fck ve orta \u00f6l\u00e7ekli \u00fcr\u00fcnlerin \u00fcretimi, karma\u015f\u0131k ve y\u00fcksek hassasiyetli par\u00e7alar\u0131n i\u015flenmesi i\u00e7in \u00f6zelliklerini g\u00f6sterebilmektedir.<\/p>\t\t\t\t\t\t\t\t<\/div>\n\t\t\t\t<\/div>\n\t\t\t\t<div class=\"elementor-element elementor-element-fed433f elementor-widget elementor-widget-gallery\" data-id=\"fed433f\" data-element_type=\"widget\" data-widget_type=\"gallery.default\">\n\t\t\t\t<div class=\"elementor-widget-container\">\n\t\t\t\t\t \t\t\t\t<\/div>\n\t\t\t\t<\/div>\n\t\t\t\t\t<\/div>\n\t\t<\/div>\n\t\t\t\t\t<\/div>\n\t\t<\/section>\n\t\t\t\t<\/div>","protected":false},"excerpt":{"rendered":"<p>Previous Next Dik \u0130\u015flem Merkezi \u0130\u015fleme merkezinin besleme ekseni X, Y ve Z koordinatlar\u0131 ile kontrol edilir, ana mil bir servo motor taraf\u0131ndan tahrik edilir. Birden fazla \u00e7e\u015fit ve k\u00fc\u00e7\u00fck ve orta \u00f6l\u00e7ekli \u00fcr\u00fcnlerin \u00fcretimi, karma\u015f\u0131k ve y\u00fcksek hassasiyetli par\u00e7alar\u0131n i\u015flenmesi i\u00e7in \u00f6zelliklerini g\u00f6sterebilmektedir. \u22b8 Dik \u0130\u015flem Merkezi<\/p>","protected":false},"author":1,"featured_media":0,"parent":0,"menu_order":0,"comment_status":"closed","ping_status":"closed","template":"page-templates\/pages-image.php","meta":{"_joinchat":[],"footnotes":""},"class_list":["post-2897","page","type-page","status-publish","hentry"],"_links":{"self":[{"href":"https:\/\/ozverfi.com.tr\/index.php\/wp-json\/wp\/v2\/pages\/2897","targetHints":{"allow":["GET"]}}],"collection":[{"href":"https:\/\/ozverfi.com.tr\/index.php\/wp-json\/wp\/v2\/pages"}],"about":[{"href":"https:\/\/ozverfi.com.tr\/index.php\/wp-json\/wp\/v2\/types\/page"}],"author":[{"embeddable":true,"href":"https:\/\/ozverfi.com.tr\/index.php\/wp-json\/wp\/v2\/users\/1"}],"replies":[{"embeddable":true,"href":"https:\/\/ozverfi.com.tr\/index.php\/wp-json\/wp\/v2\/comments?post=2897"}],"version-history":[{"count":22,"href":"https:\/\/ozverfi.com.tr\/index.php\/wp-json\/wp\/v2\/pages\/2897\/revisions"}],"predecessor-version":[{"id":3620,"href":"https:\/\/ozverfi.com.tr\/index.php\/wp-json\/wp\/v2\/pages\/2897\/revisions\/3620"}],"wp:attachment":[{"href":"https:\/\/ozverfi.com.tr\/index.php\/wp-json\/wp\/v2\/media?parent=2897"}],"curies":[{"name":"wp","href":"https:\/\/api.w.org\/{rel}","templated":true}]}}